{"id":38,"date":"2023-07-24T06:18:41","date_gmt":"2023-07-24T06:18:41","guid":{"rendered":"http:\/\/www.lottiszomor.hu\/contact-us\/"},"modified":"2026-03-06T23:14:52","modified_gmt":"2026-03-06T21:14:52","slug":"kapcsolat","status":"publish","type":"page","link":"https:\/\/www.lottiszomor.hu\/en\/kapcsolat\/","title":{"rendered":"Contact"},"content":{"rendered":"<div data-elementor-type=\"wp-page\" data-elementor-id=\"38\" class=\"elementor elementor-38\">\n\t\t\t\t\t\t<section class=\"elementor-section elementor-top-section elementor-element elementor-element-246f32c6 elementor-section-full_width elementor-section-items-stretch elementor-section-content-middle elementor-section-height-min-height elementor-hidden-tablet elementor-hidden-mobile elementor-section-height-default\" data-id=\"246f32c6\" data-element_type=\"section\" data-e-type=\"section\" data-settings=\"{&quot;shape_divider_top&quot;:&quot;mountains&quot;,&quot;shape_divider_bottom&quot;:&quot;mountains&quot;}\">\n\t\t\t\t\t\t\t<div class=\"elementor-background-overlay\"><\/div>\n\t\t\t\t\t\t<div class=\"elementor-shape elementor-shape-top\" aria-hidden=\"true\" data-negative=\"false\">\n\t\t\t<svg xmlns=\"http:\/\/www.w3.org\/2000\/svg\" viewbox=\"0 0 1000 100\" preserveaspectratio=\"none\">\n\t<path class=\"elementor-shape-fill\" opacity=\"0.33\" d=\"M473,67.3c-203.9,88.3-263.1-34-320.3,0C66,119.1,0,59.7,0,59.7V0h1000v59.7 c0,0-62.1,26.1-94.9,29.3c-32.8,3.3-62.8-12.3-75.8-22.1C806,49.6,745.3,8.7,694.9,4.7S492.4,59,473,67.3z\"\/>\n\t<path class=\"elementor-shape-fill\" opacity=\"0.66\" d=\"M734,67.3c-45.5,0-77.2-23.2-129.1-39.1c-28.6-8.7-150.3-10.1-254,39.1 s-91.7-34.4-149.2,0C115.7,118.3,0,39.8,0,39.8V0h1000v36.5c0,0-28.2-18.5-92.1-18.5C810.2,18.1,775.7,67.3,734,67.3z\"\/>\n\t<path class=\"elementor-shape-fill\" d=\"M766.1,28.9c-200-57.5-266,65.5-395.1,19.5C242,1.8,242,5.4,184.8,20.6C128,35.8,132.3,44.9,89.9,52.5C28.6,63.7,0,0,0,0 h1000c0,0-9.9,40.9-83.6,48.1S829.6,47,766.1,28.9z\"\/>\n<\/svg>\t\t<\/div>\n\t\t\t\t<div class=\"elementor-shape elementor-shape-bottom\" aria-hidden=\"true\" data-negative=\"false\">\n\t\t\t<svg xmlns=\"http:\/\/www.w3.org\/2000\/svg\" viewbox=\"0 0 1000 100\" preserveaspectratio=\"none\">\n\t<path class=\"elementor-shape-fill\" opacity=\"0.33\" d=\"M473,67.3c-203.9,88.3-263.1-34-320.3,0C66,119.1,0,59.7,0,59.7V0h1000v59.7 c0,0-62.1,26.1-94.9,29.3c-32.8,3.3-62.8-12.3-75.8-22.1C806,49.6,745.3,8.7,694.9,4.7S492.4,59,473,67.3z\"\/>\n\t<path class=\"elementor-shape-fill\" opacity=\"0.66\" d=\"M734,67.3c-45.5,0-77.2-23.2-129.1-39.1c-28.6-8.7-150.3-10.1-254,39.1 s-91.7-34.4-149.2,0C115.7,118.3,0,39.8,0,39.8V0h1000v36.5c0,0-28.2-18.5-92.1-18.5C810.2,18.1,775.7,67.3,734,67.3z\"\/>\n\t<path class=\"elementor-shape-fill\" d=\"M766.1,28.9c-200-57.5-266,65.5-395.1,19.5C242,1.8,242,5.4,184.8,20.6C128,35.8,132.3,44.9,89.9,52.5C28.6,63.7,0,0,0,0 h1000c0,0-9.9,40.9-83.6,48.1S829.6,47,766.1,28.9z\"\/>\n<\/svg>\t\t<\/div>\n\t\t\t\t\t<div class=\"elementor-container elementor-column-gap-default\">\n\t\t\t\t\t<div class=\"elementor-column elementor-col-50 elementor-top-column elementor-element elementor-element-61b9165f\" data-id=\"61b9165f\" data-element_type=\"column\" data-e-type=\"column\">\n\t\t\t<div class=\"elementor-widget-wrap elementor-element-populated\">\n\t\t\t\t\t\t<div class=\"elementor-element elementor-element-269b8a6b elementor-widget__width-initial elementor-widget elementor-widget-heading\" data-id=\"269b8a6b\" data-element_type=\"widget\" data-e-type=\"widget\" data-widget_type=\"heading.default\">\n\t\t\t\t<div class=\"elementor-widget-container\">\n\t\t\t\t\t<h1 class=\"elementor-heading-title elementor-size-default\">Get in touch with me!<\/h1>\t\t\t\t<\/div>\n\t\t\t\t<\/div>\n\t\t\t\t<div class=\"elementor-element elementor-element-779feaa1 elementor-widget__width-initial elementor-widget elementor-widget-text-editor\" data-id=\"779feaa1\" data-element_type=\"widget\" data-e-type=\"widget\" data-widget_type=\"text-editor.default\">\n\t\t\t\t<div class=\"elementor-widget-container\">\n\t\t\t\t\t\t\t\t\t<p>I can't wait to meet you; if you have any questions, contact me through one of the details below or the contact form. I will reply soon!<\/p>\t\t\t\t\t\t\t\t<\/div>\n\t\t\t\t<\/div>\n\t\t\t\t<div class=\"elementor-element elementor-element-11ebbac1 elementor-icon-list--layout-traditional elementor-list-item-link-full_width elementor-widget elementor-widget-icon-list\" data-id=\"11ebbac1\" data-element_type=\"widget\" data-e-type=\"widget\" data-widget_type=\"icon-list.default\">\n\t\t\t\t<div class=\"elementor-widget-container\">\n\t\t\t\t\t\t\t<ul class=\"elementor-icon-list-items\">\n\t\t\t\t\t\t\t<li class=\"elementor-icon-list-item\">\n\t\t\t\t\t\t\t\t\t\t<span class=\"elementor-icon-list-text\"><b>E-mail address:<\/b> info@lottiszomor.hu<\/span>\n\t\t\t\t\t\t\t\t\t<\/li>\n\t\t\t\t\t\t<\/ul>\n\t\t\t\t\t\t<\/div>\n\t\t\t\t<\/div>\n\t\t\t\t<div class=\"elementor-element elementor-element-77e0639 elementor-widget elementor-widget-html\" data-id=\"77e0639\" data-element_type=\"widget\" data-e-type=\"widget\" data-widget_type=\"html.default\">\n\t\t\t\t<div class=\"elementor-widget-container\">\n\t\t\t\t\t<iframe src=\"https:\/\/docs.google.com\/forms\/d\/e\/1FAIpQLSeFmWgRB6xC6xsKsDzqU1O_L-Duh0BG2YcCh5JqSV8ZVkZPjA\/viewform?embedded=true\" width=\"640\" height=\"1300\" frameborder=\"0\" marginheight=\"0\" marginwidth=\"0\">Bet\u00f6lt\u00e9s\u2026<\/iframe>\t\t\t\t<\/div>\n\t\t\t\t<\/div>\n\t\t\t\t\t<\/div>\n\t\t<\/div>\n\t\t\t\t<div class=\"elementor-column elementor-col-50 elementor-top-column elementor-element elementor-element-47ffa5c2\" data-id=\"47ffa5c2\" data-element_type=\"column\" data-e-type=\"column\" data-settings=\"{&quot;background_background&quot;:&quot;classic&quot;}\">\n\t\t\t<div class=\"elementor-widget-wrap elementor-element-populated\">\n\t\t\t\t\t\t<div class=\"elementor-element elementor-element-ca596d4 elementor-widget elementor-widget-image\" data-id=\"ca596d4\" data-element_type=\"widget\" data-e-type=\"widget\" data-widget_type=\"image.default\">\n\t\t\t\t<div class=\"elementor-widget-container\">\n\t\t\t\t\t\t\t\t\t\t\t\t\t\t\t<img fetchpriority=\"high\" decoding=\"async\" width=\"1250\" height=\"1250\" src=\"https:\/\/www.lottiszomor.hu\/wp-content\/uploads\/2023\/09\/Gold-Luxury-Feminine-Twitter-Profile-Picture-3.png\" class=\"attachment-full size-full wp-image-598\" alt=\"Szomor Lotti szomatikus mozg\u00e1s facilit\u00e1tor \u00e9s relax\u00e1ci\u00f3s terapeuta, lelki \u00e9s energetikai blokkold\u00e1s Budapesten, \u00f6nismeret, szomatikus t\u00e1nc\u00f3r\u00e1k\" srcset=\"https:\/\/www.lottiszomor.hu\/wp-content\/uploads\/2023\/09\/Gold-Luxury-Feminine-Twitter-Profile-Picture-3.png 1250w, https:\/\/www.lottiszomor.hu\/wp-content\/uploads\/2023\/09\/Gold-Luxury-Feminine-Twitter-Profile-Picture-3-300x300.png 300w, https:\/\/www.lottiszomor.hu\/wp-content\/uploads\/2023\/09\/Gold-Luxury-Feminine-Twitter-Profile-Picture-3-1024x1024.png 1024w, https:\/\/www.lottiszomor.hu\/wp-content\/uploads\/2023\/09\/Gold-Luxury-Feminine-Twitter-Profile-Picture-3-150x150.png 150w, https:\/\/www.lottiszomor.hu\/wp-content\/uploads\/2023\/09\/Gold-Luxury-Feminine-Twitter-Profile-Picture-3-768x768.png 768w, https:\/\/www.lottiszomor.hu\/wp-content\/uploads\/2023\/09\/Gold-Luxury-Feminine-Twitter-Profile-Picture-3-600x600.png 600w, https:\/\/www.lottiszomor.hu\/wp-content\/uploads\/2023\/09\/Gold-Luxury-Feminine-Twitter-Profile-Picture-3-100x100.png 100w\" sizes=\"(max-width: 1250px) 100vw, 1250px\" \/>\t\t\t\t\t\t\t\t\t\t\t\t\t\t\t<\/div>\n\t\t\t\t<\/div>\n\t\t\t\t<div class=\"elementor-element elementor-element-ee2b8f9 elementor-widget elementor-widget-html\" data-id=\"ee2b8f9\" data-element_type=\"widget\" data-e-type=\"widget\" data-widget_type=\"html.default\">\n\t\t\t\t<div class=\"elementor-widget-container\">\n\t\t\t\t\t<iframe src=\"https:\/\/www.google.com\/maps\/embed?pb=!1m14!1m8!1m3!1d10780.968705105517!2d19.1258144!3d47.5046747!3m2!1i1024!2i768!4f13.1!3m3!1m2!1s0x4741dd876b8171a3%3A0x606c9d8d2607a55a!2zUmVsYXjDoWNpw7NzIGJsb2trb2xkw7Mga2V6ZWzDqXMgfCBNSUQ!5e0!3m2!1sen!2shu!4v1697747227863!5m2!1sen!2shu\" width=\"600\" height=\"450\" style=\"border:0;\" allowfullscreen=\"\" loading=\"lazy\" referrerpolicy=\"no-referrer-when-downgrade\"><\/iframe>\t\t\t\t<\/div>\n\t\t\t\t<\/div>\n\t\t\t\t\t<\/div>\n\t\t<\/div>\n\t\t\t\t\t<\/div>\n\t\t<\/section>\n\t\t\t\t<section class=\"elementor-section elementor-top-section elementor-element elementor-element-92f1432 elementor-section-full_width elementor-section-items-stretch elementor-section-content-middle elementor-reverse-tablet elementor-reverse-mobile elementor-section-height-min-height elementor-hidden-desktop elementor-section-height-default\" data-id=\"92f1432\" data-element_type=\"section\" data-e-type=\"section\" data-settings=\"{&quot;shape_divider_top&quot;:&quot;mountains&quot;}\">\n\t\t\t\t\t\t\t<div class=\"elementor-background-overlay\"><\/div>\n\t\t\t\t\t\t<div class=\"elementor-shape elementor-shape-top\" aria-hidden=\"true\" data-negative=\"false\">\n\t\t\t<svg xmlns=\"http:\/\/www.w3.org\/2000\/svg\" viewbox=\"0 0 1000 100\" preserveaspectratio=\"none\">\n\t<path class=\"elementor-shape-fill\" opacity=\"0.33\" d=\"M473,67.3c-203.9,88.3-263.1-34-320.3,0C66,119.1,0,59.7,0,59.7V0h1000v59.7 c0,0-62.1,26.1-94.9,29.3c-32.8,3.3-62.8-12.3-75.8-22.1C806,49.6,745.3,8.7,694.9,4.7S492.4,59,473,67.3z\"\/>\n\t<path class=\"elementor-shape-fill\" opacity=\"0.66\" d=\"M734,67.3c-45.5,0-77.2-23.2-129.1-39.1c-28.6-8.7-150.3-10.1-254,39.1 s-91.7-34.4-149.2,0C115.7,118.3,0,39.8,0,39.8V0h1000v36.5c0,0-28.2-18.5-92.1-18.5C810.2,18.1,775.7,67.3,734,67.3z\"\/>\n\t<path class=\"elementor-shape-fill\" d=\"M766.1,28.9c-200-57.5-266,65.5-395.1,19.5C242,1.8,242,5.4,184.8,20.6C128,35.8,132.3,44.9,89.9,52.5C28.6,63.7,0,0,0,0 h1000c0,0-9.9,40.9-83.6,48.1S829.6,47,766.1,28.9z\"\/>\n<\/svg>\t\t<\/div>\n\t\t\t\t\t<div class=\"elementor-container elementor-column-gap-default\">\n\t\t\t\t\t<div class=\"elementor-column elementor-col-50 elementor-top-column elementor-element elementor-element-63e3738\" data-id=\"63e3738\" data-element_type=\"column\" data-e-type=\"column\">\n\t\t\t<div class=\"elementor-widget-wrap elementor-element-populated\">\n\t\t\t\t\t\t<div class=\"elementor-element elementor-element-b41e848 elementor-widget__width-initial elementor-widget elementor-widget-heading\" data-id=\"b41e848\" data-element_type=\"widget\" data-e-type=\"widget\" data-widget_type=\"heading.default\">\n\t\t\t\t<div class=\"elementor-widget-container\">\n\t\t\t\t\t<h1 class=\"elementor-heading-title elementor-size-default\">Get in touch with me!<\/h1>\t\t\t\t<\/div>\n\t\t\t\t<\/div>\n\t\t\t\t<div class=\"elementor-element elementor-element-1e1e119 elementor-widget__width-initial elementor-widget elementor-widget-text-editor\" data-id=\"1e1e119\" data-element_type=\"widget\" data-e-type=\"widget\" data-widget_type=\"text-editor.default\">\n\t\t\t\t<div class=\"elementor-widget-container\">\n\t\t\t\t\t\t\t\t\t<p>I can't wait to meet you; if you have any questions, contact me through one of the details below or the contact form. I will reply soon!<\/p>\t\t\t\t\t\t\t\t<\/div>\n\t\t\t\t<\/div>\n\t\t\t\t<div class=\"elementor-element elementor-element-87b1845 elementor-tablet-align-center elementor-mobile-align-center elementor-icon-list--layout-traditional elementor-list-item-link-full_width elementor-widget elementor-widget-icon-list\" data-id=\"87b1845\" data-element_type=\"widget\" data-e-type=\"widget\" data-widget_type=\"icon-list.default\">\n\t\t\t\t<div class=\"elementor-widget-container\">\n\t\t\t\t\t\t\t<ul class=\"elementor-icon-list-items\">\n\t\t\t\t\t\t\t<li class=\"elementor-icon-list-item\">\n\t\t\t\t\t\t\t\t\t\t<span class=\"elementor-icon-list-text\"><b>E-mail address:<\/b> info@lottiszomor.hu<\/span>\n\t\t\t\t\t\t\t\t\t<\/li>\n\t\t\t\t\t\t<\/ul>\n\t\t\t\t\t\t<\/div>\n\t\t\t\t<\/div>\n\t\t\t\t<div class=\"elementor-element elementor-element-a57f0d2 elementor-widget elementor-widget-html\" data-id=\"a57f0d2\" data-element_type=\"widget\" data-e-type=\"widget\" data-widget_type=\"html.default\">\n\t\t\t\t<div class=\"elementor-widget-container\">\n\t\t\t\t\t<iframe src=\"https:\/\/www.google.com\/maps\/embed?pb=!1m14!1m8!1m3!1d10780.968705105517!2d19.1258144!3d47.5046747!3m2!1i1024!2i768!4f13.1!3m3!1m2!1s0x4741dd876b8171a3%3A0x606c9d8d2607a55a!2zUmVsYXjDoWNpw7NzIGJsb2trb2xkw7Mga2V6ZWzDqXMgfCBNSUQ!5e0!3m2!1sen!2shu!4v1697747227863!5m2!1sen!2shu\" width=\"600\" height=\"450\" style=\"border:0;\" allowfullscreen=\"\" loading=\"lazy\" referrerpolicy=\"no-referrer-when-downgrade\"><\/iframe>\t\t\t\t<\/div>\n\t\t\t\t<\/div>\n\t\t\t\t<div class=\"elementor-element elementor-element-2ef83d4 elementor-widget elementor-widget-html\" data-id=\"2ef83d4\" data-element_type=\"widget\" data-e-type=\"widget\" data-widget_type=\"html.default\">\n\t\t\t\t<div class=\"elementor-widget-container\">\n\t\t\t\t\t<iframe src=\"https:\/\/docs.google.com\/forms\/d\/e\/1FAIpQLSeFmWgRB6xC6xsKsDzqU1O_L-Duh0BG2YcCh5JqSV8ZVkZPjA\/viewform?embedded=true\" width=\"640\" height=\"1400\" frameborder=\"0\" marginheight=\"0\" marginwidth=\"0\">Bet\u00f6lt\u00e9s\u2026<\/iframe>\t\t\t\t<\/div>\n\t\t\t\t<\/div>\n\t\t\t\t\t<\/div>\n\t\t<\/div>\n\t\t\t\t<div class=\"elementor-column elementor-col-50 elementor-top-column elementor-element elementor-element-905ed00\" data-id=\"905ed00\" data-element_type=\"column\" data-e-type=\"column\" data-settings=\"{&quot;background_background&quot;:&quot;classic&quot;}\">\n\t\t\t<div class=\"elementor-widget-wrap elementor-element-populated\">\n\t\t\t\t\t\t<div class=\"elementor-element elementor-element-a51bdc4 elementor-hidden-desktop elementor-widget elementor-widget-image\" data-id=\"a51bdc4\" data-element_type=\"widget\" data-e-type=\"widget\" data-widget_type=\"image.default\">\n\t\t\t\t<div class=\"elementor-widget-container\">\n\t\t\t\t\t\t\t\t\t\t\t\t\t\t\t<img fetchpriority=\"high\" decoding=\"async\" width=\"1250\" height=\"1250\" src=\"https:\/\/www.lottiszomor.hu\/wp-content\/uploads\/2023\/09\/Gold-Luxury-Feminine-Twitter-Profile-Picture-3.png\" class=\"attachment-full size-full wp-image-598\" alt=\"Szomor Lotti szomatikus mozg\u00e1s facilit\u00e1tor \u00e9s relax\u00e1ci\u00f3s terapeuta, lelki \u00e9s energetikai blokkold\u00e1s Budapesten, \u00f6nismeret, szomatikus t\u00e1nc\u00f3r\u00e1k\" srcset=\"https:\/\/www.lottiszomor.hu\/wp-content\/uploads\/2023\/09\/Gold-Luxury-Feminine-Twitter-Profile-Picture-3.png 1250w, https:\/\/www.lottiszomor.hu\/wp-content\/uploads\/2023\/09\/Gold-Luxury-Feminine-Twitter-Profile-Picture-3-300x300.png 300w, https:\/\/www.lottiszomor.hu\/wp-content\/uploads\/2023\/09\/Gold-Luxury-Feminine-Twitter-Profile-Picture-3-1024x1024.png 1024w, https:\/\/www.lottiszomor.hu\/wp-content\/uploads\/2023\/09\/Gold-Luxury-Feminine-Twitter-Profile-Picture-3-150x150.png 150w, https:\/\/www.lottiszomor.hu\/wp-content\/uploads\/2023\/09\/Gold-Luxury-Feminine-Twitter-Profile-Picture-3-768x768.png 768w, https:\/\/www.lottiszomor.hu\/wp-content\/uploads\/2023\/09\/Gold-Luxury-Feminine-Twitter-Profile-Picture-3-600x600.png 600w, https:\/\/www.lottiszomor.hu\/wp-content\/uploads\/2023\/09\/Gold-Luxury-Feminine-Twitter-Profile-Picture-3-100x100.png 100w\" sizes=\"(max-width: 1250px) 100vw, 1250px\" \/>\t\t\t\t\t\t\t\t\t\t\t\t\t\t\t<\/div>\n\t\t\t\t<\/div>\n\t\t\t\t\t<\/div>\n\t\t<\/div>\n\t\t\t\t\t<\/div>\n\t\t<\/section>\n\t\t\t\t<\/div>","protected":false},"excerpt":{"rendered":"<p>Vedd fel velem a kapcsolatot! Alig v\u00e1rom, hogy tal\u00e1lkozzunk, ha b\u00e1rmi k\u00e9rd\u00e9sed van keress az al\u00e1bbi el\u00e9rhet\u0151s\u00e9gek egyik\u00e9n, vagy a kapcsolatfelv\u00e9teli \u0171rlapon. Hamarosan v\u00e1laszolok! E-mail c\u00edm: info@lottiszomor.hu Bet\u00f6lt\u00e9s\u2026 Vedd fel velem a kapcsolatot! Alig v\u00e1rom, hogy tal\u00e1lkozzunk, ha b\u00e1rmi k\u00e9rd\u00e9sed van keress az al\u00e1bbi el\u00e9rhet\u0151s\u00e9gek egyik\u00e9n, vagy a kapcsolatfelv\u00e9teli \u0171rlapon. Hamarosan v\u00e1laszolok! E-mail c\u00edm: info@lottiszomor.hu [&hellip;]<\/p>\n","protected":false},"author":1,"featured_media":0,"parent":0,"menu_order":0,"comment_status":"closed","ping_status":"closed","template":"","meta":{"_monsterinsights_skip_tracking":false,"_monsterinsights_sitenote_active":false,"_monsterinsights_sitenote_note":"","_monsterinsights_sitenote_category":0,"footnotes":""},"class_list":["post-38","page","type-page","status-publish","hentry","entry"],"aioseo_notices":[],"_links":{"self":[{"href":"https:\/\/www.lottiszomor.hu\/en\/wp-json\/wp\/v2\/pages\/38","targetHints":{"allow":["GET"]}}],"collection":[{"href":"https:\/\/www.lottiszomor.hu\/en\/wp-json\/wp\/v2\/pages"}],"about":[{"href":"https:\/\/www.lottiszomor.hu\/en\/wp-json\/wp\/v2\/types\/page"}],"author":[{"embeddable":true,"href":"https:\/\/www.lottiszomor.hu\/en\/wp-json\/wp\/v2\/users\/1"}],"replies":[{"embeddable":true,"href":"https:\/\/www.lottiszomor.hu\/en\/wp-json\/wp\/v2\/comments?post=38"}],"version-history":[{"count":83,"href":"https:\/\/www.lottiszomor.hu\/en\/wp-json\/wp\/v2\/pages\/38\/revisions"}],"predecessor-version":[{"id":3277,"href":"https:\/\/www.lottiszomor.hu\/en\/wp-json\/wp\/v2\/pages\/38\/revisions\/3277"}],"wp:attachment":[{"href":"https:\/\/www.lottiszomor.hu\/en\/wp-json\/wp\/v2\/media?parent=38"}],"curies":[{"name":"wp","href":"https:\/\/api.w.org\/{rel}","templated":true}]}}